{"id":76,"date":"2020-11-12T11:37:40","date_gmt":"2020-11-12T11:37:40","guid":{"rendered":"https:\/\/demo.keonthemes.com\/gutener\/demo13\/?page_id=8"},"modified":"2023-09-16T19:26:59","modified_gmt":"2023-09-16T15:26:59","slug":"contact-us","status":"publish","type":"page","link":"https:\/\/groupe-bsc-international.com\/fr\/contact-us\/","title":{"rendered":"Contacts"},"content":{"rendered":"<section id=\"gm30f85d3\" class=\"wp-block-gutentor-m3 section-gm30f85d3 gutentor-module gutentor-container-cover has-image-bg has-custom-bg has-gutentor-overlay\"><div class=\"grid-container\">\n<div id=\"section-gab40f9\" class=\"wp-block-gutentor-e1 section-gab40f9 gutentor-element gutentor-element-advanced-text text-align-center-desktop text-align-center-tablet text-align-center-mobile\"><div class=\"gutentor-text-wrap\"><h2 class=\"gutentor-text\">Contacts<\/h2><\/div><\/div>\n<\/div><\/section>\n\n\n\n<section id=\"gm4e28979\" class=\"wp-block-gutentor-m3 section-gm4e28979 gutentor-module gutentor-container-cover has-image-bg has-custom-bg has-gutentor-overlay\"><div class=\"grid-container\">\n<div id=\"section-g725fe5\" class=\"wp-block-gutentor-e1 section-g725fe5 gutentor-element gutentor-element-advanced-text enable-title-design text-align-left-desktop text-align-left-tablet text-align-left-mobile\"><div class=\"gutentor-text-wrap divider-left\"><div class=\"gutentor-separator gutentor-separator-before border-solid\"><\/div><span class=\"gutentor-text\">Contactez-Nous<\/span><\/div><\/div>\n\n\n\n<div id=\"section-g0297aa\" class=\"wp-block-gutentor-e1 section-g0297aa gutentor-element gutentor-element-advanced-text text-align-left-desktop text-align-left-tablet text-align-left-mobile\"><div class=\"gutentor-text-wrap\"><h2 class=\"gutentor-text\">Contactez-nous pour plus d'informations!<\/h2><\/div><\/div>\n\n\n\n<section id=\"gm9ca71cd\" class=\"wp-block-gutentor-m4 section-gm9ca71cd gutentor-module gutentor-advanced-columns gutener-d13-contact-form\"><div class=\"grid-container gutentor-rm-ct-space\"><div class=\"grid-row\">\n<div id=\"col-gm0b8d8c\" class=\"wp-block-gutentor-m4-col col-gm0b8d8c gutentor-single-column  grid-lg-6 grid-md-12 grid-12\"><div id=\"section-gm0b8d8c\" class=\"section-gm0b8d8c gutentor-col-wrap\">\n<div class=\"wpcf7 no-js\" id=\"wpcf7-f55-o1\" lang=\"en-US\" dir=\"ltr\">\n<div class=\"screen-reader-response\"><p role=\"status\" aria-live=\"polite\" aria-atomic=\"true\"><\/p> <ul><\/ul><\/div>\n<form action=\"\/fr\/wp-json\/wp\/v2\/pages\/76#wpcf7-f55-o1\" method=\"post\" class=\"wpcf7-form init\" aria-label=\"Contact form\" novalidate=\"novalidate\" data-status=\"init\" data-trp-original-action=\"\/fr\/wp-json\/wp\/v2\/pages\/76#wpcf7-f55-o1\">\n<div style=\"display: none;\">\n<input type=\"hidden\" name=\"_wpcf7\" value=\"55\" \/>\n<input type=\"hidden\" name=\"_wpcf7_version\" value=\"5.8\" \/>\n<input type=\"hidden\" name=\"_wpcf7_locale\" value=\"en_US\" \/>\n<input type=\"hidden\" name=\"_wpcf7_unit_tag\" value=\"wpcf7-f55-o1\" \/>\n<input type=\"hidden\" name=\"_wpcf7_container_post\" value=\"0\" \/>\n<input type=\"hidden\" name=\"_wpcf7_posted_data_hash\" value=\"\" \/>\n<\/div>\n<div class=\"row\">\n\t<div class=\"col-lg-6 col-sm-12\">\n\t\t<p><span class=\"wpcf7-form-control-wrap\" data-name=\"your-name\"><input size=\"40\" class=\"wpcf7-form-control wpcf7-text wpcf7-validates-as-required\" aria-required=\"true\" aria-invalid=\"false\" placeholder=\"Nom:\" value=\"\" type=\"text\" name=\"your-name\" \/><\/span>\n\t\t<\/p>\n\t<\/div>\n\t<div class=\"col-lg-6 col-sm-12\">\n\t\t<p><span class=\"wpcf7-form-control-wrap\" data-name=\"your-email\"><input size=\"40\" class=\"wpcf7-form-control wpcf7-email wpcf7-validates-as-required wpcf7-text wpcf7-validates-as-email\" aria-required=\"true\" aria-invalid=\"false\" placeholder=\"Email:\" value=\"\" type=\"email\" name=\"your-email\" \/><\/span>\n\t\t<\/p>\n\t<\/div>\n\t<div class=\"col-lg-12 col-sm-12\">\n\t\t<p><span class=\"wpcf7-form-control-wrap\" data-name=\"your-subject\"><input size=\"40\" class=\"wpcf7-form-control wpcf7-text\" aria-invalid=\"false\" placeholder=\"Sujet:\" value=\"\" type=\"text\" name=\"your-subject\" \/><\/span>\n\t\t<\/p>\n\t<\/div>\n\t<div class=\"col-lg-12 col-sm-12\">\n\t\t<p><span class=\"wpcf7-form-control-wrap\" data-name=\"your-message\"><textarea cols=\"40\" rows=\"10\" class=\"wpcf7-form-control wpcf7-textarea\" aria-invalid=\"false\" placeholder=\"Message:\" name=\"your-message\"><\/textarea><\/span>\n\t\t<\/p>\n\t<\/div>\n<\/div>\n<p><input class=\"wpcf7-form-control wpcf7-submit has-spinner\" type=\"submit\" value=\"Envoyer\" \/>\n<\/p><div class=\"wpcf7-response-output\" aria-hidden=\"true\"><\/div>\n<input type=\"hidden\" name=\"trp-form-language\" value=\"fr\"\/><\/form>\n<\/div>\n\n<\/div><\/div>\n\n\n\n<div id=\"col-gma5d742\" class=\"wp-block-gutentor-m4-col col-gma5d742 gutentor-single-column  grid-lg-6 grid-md-12 grid-12\"><div id=\"section-gma5d742\" class=\"section-gma5d742 gutentor-col-wrap\">\n<div id=\"section-g01aebd\" class=\"wp-block-gutentor-e0 section-g01aebd gutentor-element gutentor-element-advanced-text text-align-left-desktop text-align-left-tablet text-align-left-mobile\"><div class=\"gutentor-text-wrap\"><p class=\"gutentor-text\">Tous les besoins de votre entreprise sont \u00e0 port\u00e9e d'un clic. Remplissez le formulaire, envoyez-nous un email, demandez \u00e0 \u00eatre rappel\u00e9 ou appelez-nous et nous vous contacterons \u00e0 la vitesse de l'\u00e9clair.<\/p><\/div><\/div>\n\n\n\n<section id=\"gm53030d7\" class=\"wp-block-gutentor-m3 section-gm53030d7 gutentor-module gutentor-container-cover has-color-bg has-custom-bg\"><div class=\"grid-container\">\n<section id=\"gm8b052ab\" class=\"wp-block-gutentor-m4 section-gm8b052ab gutentor-module gutentor-advanced-columns\"><div class=\"grid-container\"><div class=\"grid-row\">\n<div id=\"col-gm4b5bcc\" class=\"wp-block-gutentor-m4-col col-gm4b5bcc gutentor-single-column  grid-lg-3 grid-md-3 grid-3 gutentor-rm-col-space\"><div id=\"section-gm4b5bcc\" class=\"section-gm4b5bcc gutentor-col-wrap\">\n<div id=\"section-gdb82bc\" class=\"wp-block-gutentor-e5 section-gdb82bc gutentor-element gutentor-element-icon gutentor-icon-circle-bg gutentor-enabled-width text-align-center-desktop text-align-center-tablet text-align-center-mobile\"><div class=\"gutentor-element-icon-box\"><i class=\"fas fa-address-book\"><\/i><\/div><\/div>\n<\/div><\/div>\n\n\n\n<div id=\"col-gm8d379b\" class=\"wp-block-gutentor-m4-col col-gm8d379b gutentor-single-column  grid-lg-9 grid-md-9 grid-9 gutentor-rm-col-space\"><div id=\"section-gm8d379b\" class=\"section-gm8d379b gutentor-col-wrap\">\n<div id=\"section-g95bbc7\" class=\"wp-block-gutentor-e1 section-g95bbc7 gutentor-element gutentor-element-advanced-text text-align-left-desktop text-align-left-tablet text-align-left-mobile\"><div class=\"gutentor-text-wrap\"><h3 class=\"gutentor-text\">Adresse Bureau<\/h3><\/div><\/div>\n\n\n\n<div id=\"section-g38927f\" class=\"wp-block-gutentor-e0 section-g38927f gutentor-element gutentor-element-advanced-text text-align-left-desktop text-align-left-tablet text-align-left-mobile\"><div class=\"gutentor-text-wrap\"><span class=\"gutentor-text\">1) Hyatt Regency Deira Dubai, The Galleria Residence, Office 259, Dubai \u2013 United Arab Emirates<br>Tel.:\u00a0<a href=\"tel:+971%2050%20425%206870\">+971 50 425 6870<\/a><br><br>2) Burkina Faso \u2013 05 BP 6554, Ouagadougou 05<br>Tel.: +226 25 37 66 51<br>Mob. : +226 02 70 85 85<\/span><\/div><\/div>\n\n\n\n<p><\/p>\n<\/div><\/div>\n<\/div><\/div><\/section>\n<\/div><\/section>\n\n\n\n<section id=\"gm399d6ba\" class=\"wp-block-gutentor-m3 section-gm399d6ba gutentor-module gutentor-container-cover has-color-bg has-custom-bg\"><div class=\"grid-container\">\n<section id=\"gm566c890\" class=\"wp-block-gutentor-m4 section-gm566c890 gutentor-module gutentor-advanced-columns\"><div class=\"grid-container\"><div class=\"grid-row\">\n<div id=\"col-gm26caf4\" class=\"wp-block-gutentor-m4-col col-gm26caf4 gutentor-single-column  grid-lg-3 grid-md-3 grid-3 gutentor-rm-col-space\"><div id=\"section-gm26caf4\" class=\"section-gm26caf4 gutentor-col-wrap\">\n<div id=\"section-g239eb8\" class=\"wp-block-gutentor-e5 section-g239eb8 gutentor-element gutentor-element-icon gutentor-icon-circle-bg gutentor-enabled-width text-align-center-desktop text-align-center-tablet text-align-center-mobile\"><div class=\"gutentor-element-icon-box\"><i class=\"fas fa-envelope\"><\/i><\/div><\/div>\n<\/div><\/div>\n\n\n\n<div id=\"col-gm02be59\" class=\"wp-block-gutentor-m4-col col-gm02be59 gutentor-single-column  grid-lg-9 grid-md-9 grid-9 gutentor-rm-col-space\"><div id=\"section-gm02be59\" class=\"section-gm02be59 gutentor-col-wrap\">\n<div id=\"section-g57bb60\" class=\"wp-block-gutentor-e1 section-g57bb60 gutentor-element gutentor-element-advanced-text text-align-left-desktop text-align-left-tablet text-align-left-mobile\"><div class=\"gutentor-text-wrap\"><h3 class=\"gutentor-text\">Adresse Email<\/h3><\/div><\/div>\n\n\n\n<div id=\"section-gec497d\" class=\"wp-block-gutentor-e0 section-gec497d gutentor-element gutentor-element-advanced-text text-align-left-desktop text-align-left-tablet text-align-left-mobile\"><div class=\"gutentor-text-wrap\"><span class=\"gutentor-text\">1) info@groupe-bsc-international.com<br>2) groupebscinternational@gmail.com<\/span><\/div><\/div>\n<\/div><\/div>\n<\/div><\/div><\/section>\n<\/div><\/section>\n<\/div><\/div>\n<\/div><\/div><\/section>\n<\/div><\/section>\n\n\n\n<section id=\"gmaaf36e9\" class=\"wp-block-gutentor-m3 section-gmaaf36e9 gutentor-module gutentor-container-cover\"><div class=\"grid-container gutentor-rm-ct-space-d gutentor-rm-ct-space-t\"><section class=\"gutentor-section gutentor-google-map wp-block-gutentor-google-map\" id=\"section-07bcbae3-9917-44a8-8de0-cce0004df1ff\"   >\n<div class='grid-container'><div class=\"gutentor-block-header\"><\/div><div class=\"gutentor-grid-item-wrap\" id=\"gutentor-google-map-07bcbae3\" ><\/div>\n<\/div>\n<\/section>\n<script type=\"text\/javascript\">\n\t\/* <![CDATA[ *\/\n\t\tif ( ! window.gutentorGoogleMaps ) window.gutentorGoogleMaps =[];\n\t\twindow.gutentorGoogleMaps.push( { container: \"gutentor-google-map-07bcbae3\", attributes: {\"id\":\"gutentor-google-map-07bcbae3\",\"location\":\"La Sagrada Familia, Barcelona, Spain\",\"latitude\":\"41.4044837\",\"longitude\":\"2.175727800000004\",\"zoom\":15,\"type\":\"roadmap\",\"draggable\":true,\"mapTypeControl\":true,\"zoomControl\":true,\"fullscreenControl\":true,\"streetViewControl\":true,\"markers\":[]} } );\n\t\/* ]]> *\/\n<\/script>\n<\/div><\/section>","protected":false},"excerpt":{"rendered":"","protected":false},"author":1,"featured_media":0,"parent":0,"menu_order":0,"comment_status":"closed","ping_status":"closed","template":"template-gutentor-full-width.php","meta":{"om_disable_all_campaigns":false,"_monsterinsights_skip_tracking":false,"_monsterinsights_sitenote_active":false,"_monsterinsights_sitenote_note":"","_monsterinsights_sitenote_category":0,"ngg_post_thumbnail":0,"footnotes":""},"class_list":["post-76","page","type-page","status-publish","hentry"],"aioseo_notices":[],"_links":{"self":[{"href":"https:\/\/groupe-bsc-international.com\/fr\/wp-json\/wp\/v2\/pages\/76","targetHints":{"allow":["GET"]}}],"collection":[{"href":"https:\/\/groupe-bsc-international.com\/fr\/wp-json\/wp\/v2\/pages"}],"about":[{"href":"https:\/\/groupe-bsc-international.com\/fr\/wp-json\/wp\/v2\/types\/page"}],"author":[{"embeddable":true,"href":"https:\/\/groupe-bsc-international.com\/fr\/wp-json\/wp\/v2\/users\/1"}],"replies":[{"embeddable":true,"href":"https:\/\/groupe-bsc-international.com\/fr\/wp-json\/wp\/v2\/comments?post=76"}],"version-history":[{"count":12,"href":"https:\/\/groupe-bsc-international.com\/fr\/wp-json\/wp\/v2\/pages\/76\/revisions"}],"predecessor-version":[{"id":804,"href":"https:\/\/groupe-bsc-international.com\/fr\/wp-json\/wp\/v2\/pages\/76\/revisions\/804"}],"wp:attachment":[{"href":"https:\/\/groupe-bsc-international.com\/fr\/wp-json\/wp\/v2\/media?parent=76"}],"curies":[{"name":"wp","href":"https:\/\/api.w.org\/{rel}","templated":true}]}}